{"id":529,"date":"2022-10-05T16:37:17","date_gmt":"2022-10-05T14:37:17","guid":{"rendered":"http:\/\/pxb-studios.de.dd51608.kasserver.com\/startseite\/"},"modified":"2022-12-23T12:47:50","modified_gmt":"2022-12-23T11:47:50","slug":"startseite","status":"publish","type":"page","link":"https:\/\/pxb-studios.de\/en\/","title":{"rendered":"Startseite"},"content":{"rendered":"<p><strong>PxB Studios<\/strong> entwickelt, konzipiert, gestaltet und produziert <strong>immersive Medieninhalte<\/strong>. Gegr\u00fcndet im Februar 2020 sind wir relativ frisch auf dem Markt, jedoch mit insgesamt \u00fcber 30 Berufsjahren in diesem Bereich durchaus erfahren in der <strong>Medienproduktion<\/strong> f\u00fcr Museen, Ausstellungen, Events, Messen, und Themenwelten.<\/p>\n","protected":false},"excerpt":{"rendered":"<p>PxB Studios entwickelt, konzipiert, gestaltet und produziert immersive Medieninhalte. Gegr\u00fcndet im Februar 2020 sind wir relativ frisch auf dem Markt, jedoch mit insgesamt \u00fcber 30 Berufsjahren in diesem Bereich durchaus erfahren in der Medienproduktion f\u00fcr Museen, Ausstellungen, Events, Messen, und Themenwelten.<\/p>\n","protected":false},"author":1,"featured_media":877,"parent":0,"menu_order":0,"comment_status":"closed","ping_status":"closed","template":"page-templates\/page-start.php","meta":{"_acf_changed":false,"_seopress_robots_primary_cat":"","_seopress_titles_title":"","_seopress_titles_desc":"","_seopress_robots_index":"","footnotes":""},"class_list":["post-529","page","type-page","status-publish","has-post-thumbnail","hentry"],"acf":[],"_links":{"self":[{"href":"https:\/\/pxb-studios.de\/en\/wp-json\/wp\/v2\/pages\/529","targetHints":{"allow":["GET"]}}],"collection":[{"href":"https:\/\/pxb-studios.de\/en\/wp-json\/wp\/v2\/pages"}],"about":[{"href":"https:\/\/pxb-studios.de\/en\/wp-json\/wp\/v2\/types\/page"}],"author":[{"embeddable":true,"href":"https:\/\/pxb-studios.de\/en\/wp-json\/wp\/v2\/users\/1"}],"replies":[{"embeddable":true,"href":"https:\/\/pxb-studios.de\/en\/wp-json\/wp\/v2\/comments?post=529"}],"version-history":[{"count":1,"href":"https:\/\/pxb-studios.de\/en\/wp-json\/wp\/v2\/pages\/529\/revisions"}],"predecessor-version":[{"id":530,"href":"https:\/\/pxb-studios.de\/en\/wp-json\/wp\/v2\/pages\/529\/revisions\/530"}],"wp:featuredmedia":[{"embeddable":true,"href":"https:\/\/pxb-studios.de\/en\/wp-json\/wp\/v2\/media\/877"}],"wp:attachment":[{"href":"https:\/\/pxb-studios.de\/en\/wp-json\/wp\/v2\/media?parent=529"}],"curies":[{"name":"wp","href":"https:\/\/api.w.org\/{rel}","templated":true}]}}